{"id":4,"date":"2014-08-10T17:37:34","date_gmt":"2014-08-10T17:37:34","guid":{"rendered":"http:\/\/schnupperpilgern.de\/?page_id=4"},"modified":"2022-10-03T10:38:40","modified_gmt":"2022-10-03T08:38:40","slug":"startseite","status":"publish","type":"page","link":"http:\/\/www.schnupperpilgern.de\/","title":{"rendered":"Startseite"},"content":{"rendered":"<p><a href=\"https:\/\/youtu.be\/iS4WW4R_imE\"><img loading=\"lazy\" class=\"alignnone wp-image-151 size-medium\" src=\"http:\/\/www.schnupperpilgern.de\/wp-content\/uploads\/2014\/08\/100_7909-300x225.jpg\" alt=\"\" width=\"300\" height=\"225\" srcset=\"http:\/\/www.schnupperpilgern.de\/wp-content\/uploads\/2014\/08\/100_7909-300x225.jpg 300w, http:\/\/www.schnupperpilgern.de\/wp-content\/uploads\/2014\/08\/100_7909-1024x768.jpg 1024w\" sizes=\"(max-width: 300px) 100vw, 300px\" \/><\/a><\/p>\n<p>Herzliche Einladung zum 10. Schnupperpilgern auf dem Oberschw\u00e4bischen Jakobsweg von Ulm nach Konstanz.<\/p>\n<p><strong>Anmeldung hier ab sofort bis 15.12.2022.<\/strong><br \/>\nGeb\u00fchr: \u20ac 333,20 incl. MwSt. f\u00fcr Bahn, Bus und F\u00e4hre, \u00dcbernachtung im Mehrbettzimmer, Halbpension, Getr\u00e4nke, Pilgerausweis, usw&#8230;, also &#8222;all in&#8220;.<br \/>\nEinzelzimmeraufpreis: 50%<\/p>\n<p>Nur noch wenige Pl\u00e4tze frei! Begrenzte Teilnehmeranzahl (max. 15 Personen).<\/p>\n<p><strong>Start: Samstag, 30.09.2023, 09:00 Uhr Mannheim Hbf<\/strong><br \/>\nStrecke 1: Von Ulm nach Oberdischingen, \u00dcbernachtung: Pilgerherberge<br \/>\nStrecke 2: Von Oberdischingen nach Reute, \u00dcbernachtung: Im Kloster Reute oder Gasthof<br \/>\nStrecke 3: Von Reute nach Immergrund\/Bodensee \u00dcbernachtung: Hostal\/Hotel<br \/>\nStrecke 4: Immergrund \u00fcber Meersburg nach Konstanz<br \/>\n<strong>Ende: Dienstag, 03.10.2023, 17:00 Uhr Konstanz Hbf bzw. 21:00 Uhr Mannheim Hbf<\/strong><\/p>\n<p>Ggf. Weiterwandern in die Schweiz nach individueller Vereinbarung.<\/p>\n<p>Bon Camino<\/p>\n<p>&nbsp;<\/p>\n","protected":false},"excerpt":{"rendered":"<p>Herzliche Einladung zum 10. Schnupperpilgern auf dem Oberschw\u00e4bischen Jakobsweg von Ulm nach Konstanz. Anmeldung hier ab sofort bis 15.12.2022. Geb\u00fchr: \u20ac 333,20 incl. MwSt. f\u00fcr Bahn, Bus und F\u00e4hre, \u00dcbernachtung im Mehrbettzimmer, Halbpension, Getr\u00e4nke, Pilgerausweis, usw&#8230;, also &#8222;all in&#8220;. Einzelzimmeraufpreis: 50% Nur noch wenige Pl\u00e4tze frei! Begrenzte Teilnehmeranzahl (max. 15 Personen). Start: Samstag, 30.09.2023, 09:00 &hellip; <a href=\"http:\/\/www.schnupperpilgern.de\/\" class=\"more-link\"><span class=\"screen-reader-text\">Startseite<\/span> weiterlesen <span class=\"meta-nav\">&rarr;<\/span><\/a><\/p>\n","protected":false},"author":1,"featured_media":0,"parent":0,"menu_order":0,"comment_status":"closed","ping_status":"open","template":"","meta":{"ngg_post_thumbnail":0,"_themeisle_gutenberg_block_has_review":false},"_links":{"self":[{"href":"http:\/\/www.schnupperpilgern.de\/index.php?rest_route=\/wp\/v2\/pages\/4"}],"collection":[{"href":"http:\/\/www.schnupperpilgern.de\/index.php?rest_route=\/wp\/v2\/pages"}],"about":[{"href":"http:\/\/www.schnupperpilgern.de\/index.php?rest_route=\/wp\/v2\/types\/page"}],"author":[{"embeddable":true,"href":"http:\/\/www.schnupperpilgern.de\/index.php?rest_route=\/wp\/v2\/users\/1"}],"replies":[{"embeddable":true,"href":"http:\/\/www.schnupperpilgern.de\/index.php?rest_route=%2Fwp%2Fv2%2Fcomments&post=4"}],"version-history":[{"count":22,"href":"http:\/\/www.schnupperpilgern.de\/index.php?rest_route=\/wp\/v2\/pages\/4\/revisions"}],"predecessor-version":[{"id":172,"href":"http:\/\/www.schnupperpilgern.de\/index.php?rest_route=\/wp\/v2\/pages\/4\/revisions\/172"}],"wp:attachment":[{"href":"http:\/\/www.schnupperpilgern.de\/index.php?rest_route=%2Fwp%2Fv2%2Fmedia&parent=4"}],"curies":[{"name":"wp","href":"https:\/\/api.w.org\/{rel}","templated":true}]}}